{"id":15645,"date":"2024-01-10T19:00:44","date_gmt":"2024-01-10T19:00:44","guid":{"rendered":"https:\/\/istanbulhamam.com\/categories-de-hammam\/"},"modified":"2024-10-01T00:51:28","modified_gmt":"2024-10-01T00:51:28","slug":"categories-de-hammam","status":"publish","type":"page","link":"https:\/\/istanbulhamam.com\/fr\/categories-de-hammam\/","title":{"rendered":"Cat\u00e9gories de hammam"},"content":{"rendered":"\t\t<div data-elementor-type=\"wp-page\" data-elementor-id=\"15645\" class=\"elementor elementor-15645 elementor-10396\">\n\t\t\t\t<div class=\"elementor-element elementor-element-7235354 e-flex e-con-boxed e-con e-parent\" data-id=\"7235354\" data-element_type=\"container\" data-settings=\"{&quot;background_background&quot;:&quot;classic&quot;}\">\n\t\t\t\t\t<div class=\"e-con-inner\">\n\t\t\t\t<div class=\"elementor-element elementor-element-8a7219c animated-slow elementor-widget__width-initial elementor-invisible elementor-widget elementor-widget-heading\" data-id=\"8a7219c\" data-element_type=\"widget\" data-settings=\"{&quot;_animation&quot;:&quot;fadeInUp&quot;,&quot;_animation_delay&quot;:100}\" data-widget_type=\"heading.default\">\n\t\t\t\t<div class=\"elementor-widget-container\">\n\t\t\t\t\t<h4 class=\"elementor-heading-title elementor-size-default\">Explorez la diversit\u00e9 des hammams : des cat\u00e9gories adapt\u00e9es \u00e0 chaque pr\u00e9f\u00e9rence<\/h4>\t\t\t\t<\/div>\n\t\t\t\t<\/div>\n\t\t\t\t\t<\/div>\n\t\t\t\t<\/div>\n\t\t\t\t<section class=\"elementor-section elementor-top-section elementor-element elementor-element-d3b1b36 elementor-section-boxed elementor-section-height-default elementor-section-height-default\" data-id=\"d3b1b36\" data-element_type=\"section\">\n\t\t\t\t\t\t<div class=\"elementor-container elementor-column-gap-default\">\n\t\t\t\t\t<div class=\"elementor-column elementor-col-100 elementor-top-column elementor-element elementor-element-5513ef7\" data-id=\"5513ef7\" data-element_type=\"column\">\n\t\t\t<div class=\"elementor-widget-wrap elementor-element-populated\">\n\t\t\t\t\t\t<div class=\"elementor-element elementor-element-dbec0cc elementor-widget__width-initial elementor-widget-tablet__width-inherit animated-slow elementor-widget elementor-widget-text-editor\" data-id=\"dbec0cc\" data-element_type=\"widget\" data-settings=\"{&quot;_animation&quot;:&quot;none&quot;,&quot;_animation_delay&quot;:500}\" data-widget_type=\"text-editor.default\">\n\t\t\t\t<div class=\"elementor-widget-container\">\n\t\t\t\t\t\t\t\t\t<p style=\"text-align: center;\">Bienvenue sur notre page \u00ab Cat\u00e9gories de hammams \u00bb, o\u00f9 chaque type d&rsquo;exp\u00e9rience de bain turc \u00e0 Istanbul attend votre d\u00e9couverte. Des hammams historiques qui se dressent comme des monuments solitaires de traditions ancestrales, aux hammams de luxe opulents nich\u00e9s dans les meilleurs h\u00f4tels de la ville, nous proposons une vari\u00e9t\u00e9 de cadres adapt\u00e9s \u00e0 vos go\u00fbts et besoins personnels. Notre s\u00e9lection comprend :  <\/p>\n<p style=\"text-align: center;\"><strong>Hammams historiques :<\/strong> Plongez dans le pass\u00e9 et plongez-vous dans la riche histoire des bains centenaires d&rsquo;Istanbul, chacun racontant l&rsquo;histoire d&rsquo;une \u00e9poque r\u00e9volue.<\/p>\n<p style=\"text-align: center;\"><strong>Hammams de luxe : <\/strong>Offrez-vous le luxe moderne associ\u00e9 aux rituels de bain traditionnels, souvent situ\u00e9s dans la grandeur des h\u00f4tels d&rsquo;\u00e9lite d&rsquo;Istanbul.<\/p>\n<p style=\"text-align: center;\"><strong>Hammams familiaux :<\/strong> D\u00e9couvrez un environnement accueillant adapt\u00e9 \u00e0 tous les \u00e2ges, offrant une exp\u00e9rience agr\u00e9able aux familles souhaitant profiter d&rsquo;un bain ensemble.<\/p>\n<p style=\"text-align: center;\"><strong>Hammams Spa  Bien-\u00eatre <\/strong>: Privil\u00e9giez la sant\u00e9 et la d\u00e9tente avec nos Hammams Spa  Bien-\u00eatre, o\u00f9 les soins de bien-\u00eatre contemporains se marient harmonieusement aux pratiques de bain ancestrales.<\/p>\n\t\t\t\t\t\t\t\t<\/div>\n\t\t\t\t<\/div>\n\t\t\t\t\t<\/div>\n\t\t<\/div>\n\t\t\t\t\t<\/div>\n\t\t<\/section>\n\t\t<div class=\"elementor-element elementor-element-6262fc8 e-flex e-con-boxed e-con e-parent\" data-id=\"6262fc8\" data-element_type=\"container\">\n\t\t\t\t\t<div class=\"e-con-inner\">\n\t\t\t\t<div class=\"elementor-element elementor-element-5cb6930 animated-slow elementor-widget__width-initial elementor-invisible elementor-widget elementor-widget-heading\" data-id=\"5cb6930\" data-element_type=\"widget\" data-settings=\"{&quot;_animation&quot;:&quot;fadeInUp&quot;,&quot;_animation_delay&quot;:100}\" data-widget_type=\"heading.default\">\n\t\t\t\t<div class=\"elementor-widget-container\">\n\t\t\t\t\t<h4 class=\"elementor-heading-title elementor-size-default\">D\u00e9couvrez le charme d'Istanbul : un voyage \u00e0 travers les hammams et les bains turcs<\/h4>\t\t\t\t<\/div>\n\t\t\t\t<\/div>\n\t\t\t\t<div class=\"elementor-element elementor-element-e779f4a elementor-widget__width-initial elementor-widget-tablet__width-inherit animated-slow elementor-widget-laptop__width-initial elementor-widget elementor-widget-text-editor\" data-id=\"e779f4a\" data-element_type=\"widget\" data-settings=\"{&quot;_animation&quot;:&quot;none&quot;,&quot;_animation_delay&quot;:500}\" data-widget_type=\"text-editor.default\">\n\t\t\t\t<div class=\"elementor-widget-container\">\n\t\t\t\t\t\t\t\t\t<p style=\"text-align: center;\">Entrez dans le monde enchanteur des hammams d&rsquo;Istanbul, o\u00f9 la tradition rencontre le luxe et le bien-\u00eatre. Nos cat\u00e9gories soigneusement s\u00e9lectionn\u00e9es vous invitent \u00e0 d\u00e9couvrir le riche h\u00e9ritage des hammams historiques, chacun racontant une histoire grav\u00e9e dans le temps et la culture. Pour ceux qui recherchent le luxe, nos hammams de luxe offrent une \u00e9vasion exquise dans un confort somptueux. Les familles peuvent profiter d&rsquo;une atmosph\u00e8re chaleureuse et accueillante dans nos hammams familiaux, con\u00e7us pour r\u00e9pondre aux besoins des visiteurs de tous \u00e2ges avec facilit\u00e9 et joie. Et pour une retraite rajeunissante, explorez nos hammams spa et bien-\u00eatre, o\u00f9 la th\u00e9rapie moderne se m\u00eale aux anciens rituels de bain. Chaque cat\u00e9gorie, impr\u00e9gn\u00e9e de l&rsquo;essence des bains turcs, offre un voyage unique \u00e0 travers le patrimoine d&rsquo;Istanbul et le luxe serein. D\u00e9couvrez, d\u00e9tendez-vous et ressourcez-vous dans l&rsquo;attrait intemporel des hammams les plus distingu\u00e9s d&rsquo;Istanbul.      <\/p>\n\t\t\t\t\t\t\t\t<\/div>\n\t\t\t\t<\/div>\n\t\t<div class=\"elementor-element elementor-element-f62637c e-con-full e-flex e-con e-child\" data-id=\"f62637c\" data-element_type=\"container\">\n\t\t<a class=\"elementor-element elementor-element-cc3f8e2 e-con-full animated-slow e-flex elementor-invisible e-con e-child\" data-id=\"cc3f8e2\" data-element_type=\"container\" data-settings=\"{&quot;background_background&quot;:&quot;classic&quot;,&quot;animation&quot;:&quot;fadeIn&quot;,&quot;animation_delay&quot;:200}\" href=\"https:\/\/istanbulhamam.com\/discover-hamams\/?location_name=&#038;location_id=&#038;start=&#038;end=&#038;date=18%2F02%2F2024+12%3A00+am-19%2F02%2F2024+11%3A59+pm&#038;price_range=0%3B80&#038;taxonomy%5Bst_tour_type%5D=119\">\n\t\t\t\t<\/a>\n\t\t<a class=\"elementor-element elementor-element-f7cce79 e-con-full animated-slow e-flex elementor-invisible e-con e-child\" data-id=\"f7cce79\" data-element_type=\"container\" data-settings=\"{&quot;background_background&quot;:&quot;classic&quot;,&quot;animation&quot;:&quot;fadeIn&quot;,&quot;animation_delay&quot;:200}\" href=\"https:\/\/istanbulhamam.com\/discover-hamams\/?location_name=&#038;location_id=&#038;start=&#038;end=&#038;date=18%2F02%2F2024+12%3A00+am-19%2F02%2F2024+11%3A59+pm&#038;price_range=0%3B80&#038;taxonomy%5Bst_tour_type%5D=120\">\n\t\t\t\t<\/a>\n\t\t<a class=\"elementor-element elementor-element-ff796d8 e-con-full animated-slow e-flex elementor-invisible e-con e-child\" data-id=\"ff796d8\" data-element_type=\"container\" data-settings=\"{&quot;background_background&quot;:&quot;classic&quot;,&quot;animation&quot;:&quot;fadeIn&quot;,&quot;animation_delay&quot;:400}\" href=\"https:\/\/istanbulhamam.com\/discover-hamams\/?location_name=&#038;location_id=&#038;start=&#038;end=&#038;date=18%2F02%2F2024+12%3A00+am-19%2F02%2F2024+11%3A59+pm&#038;price_range=0%3B80&#038;taxonomy%5Bst_tour_type%5D=121\">\n\t\t\t\t<\/a>\n\t\t<a class=\"elementor-element elementor-element-44bbe49 e-con-full animated-slow e-flex elementor-invisible e-con e-child\" data-id=\"44bbe49\" data-element_type=\"container\" data-settings=\"{&quot;background_background&quot;:&quot;classic&quot;,&quot;animation&quot;:&quot;fadeIn&quot;,&quot;animation_delay&quot;:400}\" href=\"https:\/\/istanbulhamam.com\/discover-hamams\/?location_name=&#038;location_id=&#038;start=&#038;end=&#038;date=18%2F02%2F2024+12%3A00+am-19%2F02%2F2024+11%3A59+pm&#038;price_range=0%3B80&#038;taxonomy%5Bst_tour_type%5D=122\">\n\t\t\t\t<\/a>\n\t\t\t\t<\/div>\n\t\t\t\t\t<\/div>\n\t\t\t\t<\/div>\n\t\t<div class=\"elementor-element elementor-element-e9edd8c e-flex e-con-boxed e-con e-parent\" data-id=\"e9edd8c\" data-element_type=\"container\">\n\t\t\t\t\t<div class=\"e-con-inner\">\n\t\t\t\t<div class=\"elementor-element elementor-element-1a5bdda elementor-widget__width-initial elementor-widget-tablet__width-inherit animated-slow elementor-widget elementor-widget-text-editor\" data-id=\"1a5bdda\" data-element_type=\"widget\" data-settings=\"{&quot;_animation&quot;:&quot;none&quot;,&quot;_animation_delay&quot;:500}\" data-widget_type=\"text-editor.default\">\n\t\t\t\t<div class=\"elementor-widget-container\">\n\t\t\t\t\t\t\t\t\t<p>Que vous recherchiez une exp\u00e9rience historique authentique ou une touche de luxe moderne, notre gamme diversifi\u00e9e de hammams comprend des bains autonomes et ceux int\u00e9gr\u00e9s dans des complexes h\u00f4teliers plus grands, garantissant que chaque visite est unique et adapt\u00e9e \u00e0 vos envies. Plongez dans le monde des bains turcs et trouvez le hammam parfait qui correspond \u00e0 votre humeur, \u00e0 l&rsquo;occasion et \u00e0 vos attentes. <\/p>\n\t\t\t\t\t\t\t\t<\/div>\n\t\t\t\t<\/div>\n\t\t\t\t\t<\/div>\n\t\t\t\t<\/div>\n\t\t<div class=\"elementor-element elementor-element-010916a e-flex e-con-boxed e-con e-parent\" data-id=\"010916a\" data-element_type=\"container\">\n\t\t\t\t\t<div class=\"e-con-inner\">\n\t\t\t\t\t<\/div>\n\t\t\t\t<\/div>\n\t\t\t\t<\/div>\n\t\t","protected":false},"excerpt":{"rendered":"<p>Explorez la diversit\u00e9 des hammams : des cat\u00e9gories adapt\u00e9es \u00e0 chaque pr\u00e9f\u00e9rence Bienvenue sur notre page \u00ab Cat\u00e9gories de hammams \u00bb, o\u00f9 chaque type d&rsquo;exp\u00e9rience de bain turc \u00e0 Istanbul attend votre d\u00e9couverte. Des hammams historiques qui se dressent comme des monuments solitaires de traditions ancestrales, aux hammams de luxe opulents nich\u00e9s dans les meilleurs [&hellip;]<\/p>\n","protected":false},"author":1,"featured_media":15016,"parent":0,"menu_order":0,"comment_status":"closed","ping_status":"closed","template":"","meta":{"_acf_changed":false,"_eb_attr":"","footnotes":""},"class_list":["post-15645","page","type-page","status-publish","has-post-thumbnail","hentry"],"acf":[],"_links":{"self":[{"href":"https:\/\/istanbulhamam.com\/fr\/wp-json\/wp\/v2\/pages\/15645","targetHints":{"allow":["GET"]}}],"collection":[{"href":"https:\/\/istanbulhamam.com\/fr\/wp-json\/wp\/v2\/pages"}],"about":[{"href":"https:\/\/istanbulhamam.com\/fr\/wp-json\/wp\/v2\/types\/page"}],"author":[{"embeddable":true,"href":"https:\/\/istanbulhamam.com\/fr\/wp-json\/wp\/v2\/users\/1"}],"replies":[{"embeddable":true,"href":"https:\/\/istanbulhamam.com\/fr\/wp-json\/wp\/v2\/comments?post=15645"}],"version-history":[{"count":3,"href":"https:\/\/istanbulhamam.com\/fr\/wp-json\/wp\/v2\/pages\/15645\/revisions"}],"predecessor-version":[{"id":15648,"href":"https:\/\/istanbulhamam.com\/fr\/wp-json\/wp\/v2\/pages\/15645\/revisions\/15648"}],"wp:featuredmedia":[{"embeddable":true,"href":"https:\/\/istanbulhamam.com\/fr\/wp-json\/wp\/v2\/media\/15016"}],"wp:attachment":[{"href":"https:\/\/istanbulhamam.com\/fr\/wp-json\/wp\/v2\/media?parent=15645"}],"curies":[{"name":"wp","href":"https:\/\/api.w.org\/{rel}","templated":true}]}}