{"id":15620,"date":"2018-12-10T03:06:47","date_gmt":"2018-12-10T03:06:47","guid":{"rendered":"https:\/\/istanbulhamam.com\/a-propos-de-nous\/"},"modified":"2024-10-01T00:40:25","modified_gmt":"2024-10-01T00:40:25","slug":"a-propos-de-nous","status":"publish","type":"page","link":"https:\/\/istanbulhamam.com\/fr\/a-propos-de-nous\/","title":{"rendered":"\u00c0 propos de nous"},"content":{"rendered":"\t\t<div data-elementor-type=\"wp-page\" data-elementor-id=\"15620\" class=\"elementor elementor-15620 elementor-8028\">\n\t\t\t\t<div class=\"elementor-element elementor-element-14d1064 e-flex e-con-boxed e-con e-parent\" data-id=\"14d1064\" data-element_type=\"container\" data-settings=\"{&quot;background_background&quot;:&quot;classic&quot;}\">\n\t\t\t\t\t<div class=\"e-con-inner\">\n\t\t\t\t<div class=\"elementor-element elementor-element-32c4424 animated-slow elementor-widget__width-initial elementor-invisible elementor-widget elementor-widget-heading\" data-id=\"32c4424\" data-element_type=\"widget\" data-settings=\"{&quot;_animation&quot;:&quot;fadeInUp&quot;,&quot;_animation_delay&quot;:100}\" data-widget_type=\"heading.default\">\n\t\t\t\t<div class=\"elementor-widget-container\">\n\t\t\t\t\t<h4 class=\"elementor-heading-title elementor-size-default\">D\u00e9couvrez le charme d'Istanbul : un voyage \u00e0 travers les hammams et les bains turcs<\/h4>\t\t\t\t<\/div>\n\t\t\t\t<\/div>\n\t\t\t\t\t<\/div>\n\t\t\t\t<\/div>\n\t\t<div class=\"elementor-element elementor-element-6c115c4 e-flex e-con-boxed e-con e-parent\" data-id=\"6c115c4\" data-element_type=\"container\">\n\t\t\t\t\t<div class=\"e-con-inner\">\n\t\t\t\t<div class=\"elementor-element elementor-element-bec0025 elementor-widget__width-initial elementor-widget-tablet__width-inherit elementor-widget-laptop__width-initial elementor-widget elementor-widget-text-editor\" data-id=\"bec0025\" data-element_type=\"widget\" data-widget_type=\"text-editor.default\">\n\t\t\t\t<div class=\"elementor-widget-container\">\n\t\t\t\t\t\t\t\t\t<p style=\"text-align: center;\"><strong>\u00ab Avec notre \u00e9quipe jeune et dynamique, consid\u00e9rez-nous comme votre assistant 24h\/24 et 7j\/7 \u00e0 Istanbul, pr\u00eat \u00e0 vous aider pour tous vos besoins. \u00bb<\/strong><\/p>\n\t\t\t\t\t\t\t\t<\/div>\n\t\t\t\t<\/div>\n\t\t\t\t<div class=\"elementor-element elementor-element-7e0e8db elementor-widget elementor-widget-text-editor\" data-id=\"7e0e8db\" data-element_type=\"widget\" data-widget_type=\"text-editor.default\">\n\t\t\t\t<div class=\"elementor-widget-container\">\n\t\t\t\t\t\t\t\t\t<p style=\"text-align: center;\"><span style=\"color: #595959; font-size: 15px; text-align: center;\">Chez Istanbul Hamam, notre motivation et notre mission initiales sont de faire conna\u00eetre \u00e0 un nombre croissant de personnes l\u2019exp\u00e9rience du bain turc traditionnel. Et tout en fournissant des services pour y parvenir, nous veillons \u00e0 fournir les meilleurs services. Nous sommes conscients que nous sommes dans l\u2019une des villes les plus uniques au monde, non seulement pour sa valeur g\u00e9ographique, mais aussi pour sa riche histoire et sa culture. Nous sommes impatients de partager cet h\u00e9ritage culturel avec les pr\u00e9cieux visiteurs de la ville \u00e0    <\/span><a style=\"font-size: 15px; text-align: center;\" href=\"http:\/\/istanbulhamam.com\/\">www.istanbulhamam.com,<\/a> <span style=\"color: #595959; font-size: 15px; text-align: center;\">et r\u00e9unit nos clients avec les installations de hammam et de spa les plus performantes d&rsquo;Istanbul.<\/span><\/p>\n\t\t\t\t\t\t\t\t<\/div>\n\t\t\t\t<\/div>\n\t\t<div class=\"elementor-element elementor-element-4cefefa e-flex e-con-boxed e-con e-child\" data-id=\"4cefefa\" data-element_type=\"container\">\n\t\t\t\t\t<div class=\"e-con-inner\">\n\t\t<div class=\"elementor-element elementor-element-7c6aff3 e-flex e-con-boxed e-con e-child\" data-id=\"7c6aff3\" data-element_type=\"container\">\n\t\t\t\t\t<div class=\"e-con-inner\">\n\t\t\t\t<div class=\"elementor-element elementor-element-d2cf31c elementor-widget elementor-widget-image\" data-id=\"d2cf31c\" data-element_type=\"widget\" data-widget_type=\"image.default\">\n\t\t\t\t<div class=\"elementor-widget-container\">\n\t\t\t\t\t\t\t\t\t\t\t\t\t\t\t<img fetchpriority=\"high\" decoding=\"async\" width=\"2560\" height=\"2560\" src=\"https:\/\/istanbulhamam.com\/wp-content\/uploads\/2024\/02\/pool-with-pool-man-sitting-background-scaled.jpg\" class=\"attachment-full size-full wp-image-14880\" alt=\"pool-with-pool-man-sitting-background\" srcset=\"https:\/\/istanbulhamam.com\/wp-content\/uploads\/2024\/02\/pool-with-pool-man-sitting-background-scaled.jpg 2560w, https:\/\/istanbulhamam.com\/wp-content\/uploads\/2024\/02\/pool-with-pool-man-sitting-background-scaled-300x300.jpg 300w, https:\/\/istanbulhamam.com\/wp-content\/uploads\/2024\/02\/pool-with-pool-man-sitting-background-scaled-1024x1024.jpg 1024w, https:\/\/istanbulhamam.com\/wp-content\/uploads\/2024\/02\/pool-with-pool-man-sitting-background-scaled-150x150.jpg 150w, https:\/\/istanbulhamam.com\/wp-content\/uploads\/2024\/02\/pool-with-pool-man-sitting-background-scaled-768x768.jpg 768w, https:\/\/istanbulhamam.com\/wp-content\/uploads\/2024\/02\/pool-with-pool-man-sitting-background-scaled-1536x1536.jpg 1536w, https:\/\/istanbulhamam.com\/wp-content\/uploads\/2024\/02\/pool-with-pool-man-sitting-background-scaled-2048x2048.jpg 2048w, https:\/\/istanbulhamam.com\/wp-content\/uploads\/2024\/02\/pool-with-pool-man-sitting-background-scaled-600x600.jpg 600w, https:\/\/istanbulhamam.com\/wp-content\/uploads\/2024\/02\/pool-with-pool-man-sitting-background-scaled-100x100.jpg 100w\" sizes=\"(max-width: 2560px) 100vw, 2560px\" \/>\t\t\t\t\t\t\t\t\t\t\t\t\t\t\t<\/div>\n\t\t\t\t<\/div>\n\t\t\t\t\t<\/div>\n\t\t\t\t<\/div>\n\t\t<div class=\"elementor-element elementor-element-2577ff1 e-flex e-con-boxed e-con e-child\" data-id=\"2577ff1\" data-element_type=\"container\">\n\t\t\t\t\t<div class=\"e-con-inner\">\n\t\t\t\t<div class=\"elementor-element elementor-element-a3c7e00 elementor-widget elementor-widget-text-editor\" data-id=\"a3c7e00\" data-element_type=\"widget\" data-widget_type=\"text-editor.default\">\n\t\t\t\t<div class=\"elementor-widget-container\">\n\t\t\t\t\t\t\t\t\t<p style=\"text-align: center;\"><strong>Notre voyage<\/strong><\/p>\n<p style=\"text-align: center;\"><span style=\"text-align: var(--text-align);\">Istanbul Hamam a \u00e9t\u00e9 fond\u00e9 avec la motivation de faire conna\u00eetre et d&rsquo;apprendre \u00e0 un plus grand nombre de personnes l&rsquo;h\u00e9ritage historique et culturel des bains turcs et de l&rsquo;exp\u00e9rimenter. En tant qu&rsquo;amoureux de cette riche culture, nous avons voulu partager cet h\u00e9ritage avec le monde entier sur cette plateforme. Notre site Web ne se limite pas \u00e0 vendre des hammams turcs, il s&rsquo;agit de r\u00e9pertorier tous les hammams d&rsquo;Istanbul par ordre, de les pr\u00e9senter et d&rsquo;\u00e9duquer les visiteurs sur l&rsquo;histoire de l&rsquo;exp\u00e9rience du bain turc, car il s&rsquo;agit de l&rsquo;un des rituels de bain les plus uniques au monde, remontant \u00e0 la p\u00e9riode ottomane m\u00eame avant cela.  <\/span><\/p>\n<p style=\"text-align: center;\"><strong>Ce que nous offrons<\/strong><\/p>\n<p style=\"text-align: center;\">Nous sommes des conservateurs de bains turcs, c&rsquo;est notre m\u00e9tier ! Nous avons s\u00e9lectionn\u00e9 les meilleurs hammams d&rsquo;Istanbul que nous avons s\u00e9lectionn\u00e9s pour leur particularit\u00e9 unique, leur histoire ou l&rsquo;excellence de leur service. Sur notre plateforme, vous trouverez une large liste allant des hammams turcs les plus anciens aux spas luxueux et modernes. Chacun a des qualit\u00e9s diff\u00e9rentes mais tous ont une chose en commun : l&rsquo;hospitalit\u00e9 turque.   <\/p>\n\t\t\t\t\t\t\t\t<\/div>\n\t\t\t\t<\/div>\n\t\t\t\t\t<\/div>\n\t\t\t\t<\/div>\n\t\t\t\t\t<\/div>\n\t\t\t\t<\/div>\n\t\t<div class=\"elementor-element elementor-element-13ea946 e-flex e-con-boxed e-con e-child\" data-id=\"13ea946\" data-element_type=\"container\">\n\t\t\t\t\t<div class=\"e-con-inner\">\n\t\t<div class=\"elementor-element elementor-element-9b86d6e e-flex e-con-boxed e-con e-child\" data-id=\"9b86d6e\" data-element_type=\"container\">\n\t\t\t\t\t<div class=\"e-con-inner\">\n\t\t\t\t<div class=\"elementor-element elementor-element-62fecf9 elementor-widget elementor-widget-text-editor\" data-id=\"62fecf9\" data-element_type=\"widget\" data-widget_type=\"text-editor.default\">\n\t\t\t\t<div class=\"elementor-widget-container\">\n\t\t\t\t\t\t\t\t\t<p style=\"text-align: center;\"><strong>Notre engagement<\/strong><\/p>\n<p style=\"text-align: center;\">Nous travaillons et nous am\u00e9liorons constamment pour offrir \u00e0 nos clients la meilleure exp\u00e9rience de r\u00e9servation en ligne et la plus s\u00e9curis\u00e9e. Afin de r\u00e9pondre aux besoins de nos clients tout en leur offrant les exp\u00e9riences de hammam les plus uniques et authentiques, nous veillons \u00e0 maintenir l&rsquo;int\u00e9grit\u00e9, un certain niveau de qualit\u00e9 et le niveau de satisfaction des clients tout en offrant certaines des exp\u00e9riences de hammam traditionnel les plus abouties. <\/p>\n<p style=\"text-align: center;\"><strong>Se connecter \u00e0 la culture<\/strong><\/p>\n<p style=\"text-align: center;\">Sur notre site Internet, nous avons r\u00eav\u00e9 de cr\u00e9er une plateforme qui soit plus qu&rsquo;un simple moteur de r\u00e9servation. Il s&rsquo;agit plut\u00f4t d&rsquo;une passerelle culturelle vers l&rsquo;une des exp\u00e9riences culturelles les plus uniques d&rsquo;Istanbul. Nous proposons des descriptions d\u00e9taill\u00e9es, des connaissances historiques, des recommandations et bien plus encore sur l&rsquo;exp\u00e9rience du bain turc. En plus de vous aider \u00e0 r\u00e9server en ligne certains des meilleurs hammams de la ville, nous souhaitons informer nos clients en d\u00e9tail sur ce rituel culturel incomparable.   <\/p>\n<p style=\"text-align: center;\"><span style=\"font-weight: bolder;\">Rejoignez-nous dans cette tradition intemporelle<\/span><\/p>\n<p style=\"text-align: center;\">Peu importe que vous soyez un voyageur exp\u00e9riment\u00e9 ou non, Istanbul Hamam vous invite \u00e0 vivre une exp\u00e9rience inoubliable. Nous vous proposons un voyage dans le pass\u00e9 de la ville, une exp\u00e9rience unique des pratiques de bain traditionnelles. Nous vous proposons une journ\u00e9e de d\u00e9tente, de culture et de gu\u00e9rison. Tout le monde est le bienvenu pour nous rejoindre dans cette aventure.   <\/p>\n\t\t\t\t\t\t\t\t<\/div>\n\t\t\t\t<\/div>\n\t\t\t\t\t<\/div>\n\t\t\t\t<\/div>\n\t\t<div class=\"elementor-element elementor-element-da26d01 e-flex e-con-boxed e-con e-child\" data-id=\"da26d01\" data-element_type=\"container\">\n\t\t\t\t\t<div class=\"e-con-inner\">\n\t\t\t\t<div class=\"elementor-element elementor-element-34dd23f elementor-widget elementor-widget-image\" data-id=\"34dd23f\" data-element_type=\"widget\" data-widget_type=\"image.default\">\n\t\t\t\t<div class=\"elementor-widget-container\">\n\t\t\t\t\t\t\t\t\t\t\t\t\t\t\t<img decoding=\"async\" src=\"https:\/\/istanbulhamam.com\/wp-content\/uploads\/2024\/02\/istanbulhamam-about-552x650.webp\" title=\"istanbulhamam about\" alt=\"istanbulhamam about\" loading=\"lazy\" \/>\t\t\t\t\t\t\t\t\t\t\t\t\t\t\t<\/div>\n\t\t\t\t<\/div>\n\t\t\t\t\t<\/div>\n\t\t\t\t<\/div>\n\t\t\t\t\t<\/div>\n\t\t\t\t<\/div>\n\t\t\t\t\t<\/div>\n\t\t\t\t<\/div>\n\t\t\t\t<\/div>\n\t\t","protected":false},"excerpt":{"rendered":"<p>D\u00e9couvrez le charme d&rsquo;Istanbul : un voyage \u00e0 travers les hammams et les bains turcs \u00ab Avec notre \u00e9quipe jeune et dynamique, consid\u00e9rez-nous comme votre assistant 24h\/24 et 7j\/7 \u00e0 Istanbul, pr\u00eat \u00e0 vous aider pour tous vos besoins. \u00bb Chez Istanbul Hamam, notre motivation et notre mission initiales sont de faire conna\u00eetre \u00e0 un [&hellip;]<\/p>\n","protected":false},"author":1,"featured_media":14692,"parent":0,"menu_order":0,"comment_status":"closed","ping_status":"closed","template":"","meta":{"_acf_changed":false,"_eb_attr":"","footnotes":""},"class_list":["post-15620","page","type-page","status-publish","has-post-thumbnail","hentry"],"acf":[],"_links":{"self":[{"href":"https:\/\/istanbulhamam.com\/fr\/wp-json\/wp\/v2\/pages\/15620","targetHints":{"allow":["GET"]}}],"collection":[{"href":"https:\/\/istanbulhamam.com\/fr\/wp-json\/wp\/v2\/pages"}],"about":[{"href":"https:\/\/istanbulhamam.com\/fr\/wp-json\/wp\/v2\/types\/page"}],"author":[{"embeddable":true,"href":"https:\/\/istanbulhamam.com\/fr\/wp-json\/wp\/v2\/users\/1"}],"replies":[{"embeddable":true,"href":"https:\/\/istanbulhamam.com\/fr\/wp-json\/wp\/v2\/comments?post=15620"}],"version-history":[{"count":3,"href":"https:\/\/istanbulhamam.com\/fr\/wp-json\/wp\/v2\/pages\/15620\/revisions"}],"predecessor-version":[{"id":15623,"href":"https:\/\/istanbulhamam.com\/fr\/wp-json\/wp\/v2\/pages\/15620\/revisions\/15623"}],"wp:featuredmedia":[{"embeddable":true,"href":"https:\/\/istanbulhamam.com\/fr\/wp-json\/wp\/v2\/media\/14692"}],"wp:attachment":[{"href":"https:\/\/istanbulhamam.com\/fr\/wp-json\/wp\/v2\/media?parent=15620"}],"curies":[{"name":"wp","href":"https:\/\/api.w.org\/{rel}","templated":true}]}}