{"id":15528,"date":"2024-01-10T19:00:44","date_gmt":"2024-01-10T19:00:44","guid":{"rendered":"https:\/\/istanbulhamam.com\/categorias-de-hamam\/"},"modified":"2024-12-17T19:42:30","modified_gmt":"2024-12-17T19:42:30","slug":"categorias-de-hamam","status":"publish","type":"page","link":"https:\/\/istanbulhamam.com\/es\/categorias-de-hamam\/","title":{"rendered":"Categor\u00edas de Hamam"},"content":{"rendered":"\t\t<div data-elementor-type=\"wp-page\" data-elementor-id=\"15528\" class=\"elementor elementor-15528 elementor-10396\">\n\t\t\t\t<div class=\"elementor-element elementor-element-7235354 e-flex e-con-boxed e-con e-parent\" data-id=\"7235354\" data-element_type=\"container\" data-settings=\"{&quot;background_background&quot;:&quot;classic&quot;}\">\n\t\t\t\t\t<div class=\"e-con-inner\">\n\t\t\t\t<div class=\"elementor-element elementor-element-8a7219c animated-slow elementor-widget__width-initial elementor-invisible elementor-widget elementor-widget-heading\" data-id=\"8a7219c\" data-element_type=\"widget\" data-settings=\"{&quot;_animation&quot;:&quot;fadeInUp&quot;,&quot;_animation_delay&quot;:100}\" data-widget_type=\"heading.default\">\n\t\t\t\t<div class=\"elementor-widget-container\">\n\t\t\t\t\t<h4 class=\"elementor-heading-title elementor-size-default\">Explora la Diversidad de los Hamams: Categor\u00edas adaptadas a cada preferencia<\/h4>\t\t\t\t<\/div>\n\t\t\t\t<\/div>\n\t\t\t\t\t<\/div>\n\t\t\t\t<\/div>\n\t\t\t\t<section class=\"elementor-section elementor-top-section elementor-element elementor-element-d3b1b36 elementor-section-boxed elementor-section-height-default elementor-section-height-default\" data-id=\"d3b1b36\" data-element_type=\"section\">\n\t\t\t\t\t\t<div class=\"elementor-container elementor-column-gap-default\">\n\t\t\t\t\t<div class=\"elementor-column elementor-col-100 elementor-top-column elementor-element elementor-element-5513ef7\" data-id=\"5513ef7\" data-element_type=\"column\">\n\t\t\t<div class=\"elementor-widget-wrap elementor-element-populated\">\n\t\t\t\t\t\t<div class=\"elementor-element elementor-element-dbec0cc elementor-widget__width-initial elementor-widget-tablet__width-inherit animated-slow elementor-widget elementor-widget-text-editor\" data-id=\"dbec0cc\" data-element_type=\"widget\" data-settings=\"{&quot;_animation&quot;:&quot;none&quot;,&quot;_animation_delay&quot;:500}\" data-widget_type=\"text-editor.default\">\n\t\t\t\t<div class=\"elementor-widget-container\">\n\t\t\t\t\t\t\t\t\t<p style=\"text-align: center;\">Bienvenido a nuestra p\u00e1gina \u00abCategor\u00edas de Hamam\u00bb, donde te esperan todo tipo de experiencias en los ba\u00f1os turcos de Estambul.<br \/>\nDesde los Hamam hist\u00f3ricos, que se erigen como monumentos solitarios de tradiciones consagradas, hasta los opulentos Hamam de lujo enclavados en los mejores hoteles de la ciudad, ofrecemos una variedad de entornos que se adaptan a tus gustos y necesidades personales.<br \/>\nNuestra selecci\u00f3n incluye:  <\/p>\n<p style=\"text-align: center;\"><strong>Hamams hist\u00f3ricos:<\/strong> Ad\u00e9ntrate en el pasado y sum\u00e9rgete en la rica historia de las centenarias casas de ba\u00f1os de Estambul, cada una de las cuales cuenta la historia de una \u00e9poca pasada.<\/p>\n<p style=\"text-align: center;\"><strong>Hamams de lujo:<\/strong> Del\u00e9itate con la suntuosidad del lujo moderno combinado con los rituales de ba\u00f1o tradicionales, a menudo situados en la grandeza de los hoteles de \u00e9lite de Estambul.<\/p>\n<p style=\"text-align: center;\"><strong>Hamams para familias:<\/strong> Experimenta un ambiente acogedor apto para todas las edades, que ofrece una experiencia encantadora a las familias que desean disfrutar juntas de un ba\u00f1o.<\/p>\n<p style=\"text-align: center;\"><strong>Hamams de Spa y Bienestar:<\/strong> Conc\u00e9ntrate en la salud y la relajaci\u00f3n con nuestros Hamams de Spa y Bienestar, donde los tratamientos de bienestar contempor\u00e1neos se mezclan a la perfecci\u00f3n con las antiguas pr\u00e1cticas de ba\u00f1o.<\/p>\n\t\t\t\t\t\t\t\t<\/div>\n\t\t\t\t<\/div>\n\t\t\t\t\t<\/div>\n\t\t<\/div>\n\t\t\t\t\t<\/div>\n\t\t<\/section>\n\t\t<div class=\"elementor-element elementor-element-6262fc8 e-flex e-con-boxed e-con e-parent\" data-id=\"6262fc8\" data-element_type=\"container\">\n\t\t\t\t\t<div class=\"e-con-inner\">\n\t\t\t\t<div class=\"elementor-element elementor-element-5cb6930 animated-slow elementor-widget__width-initial elementor-invisible elementor-widget elementor-widget-heading\" data-id=\"5cb6930\" data-element_type=\"widget\" data-settings=\"{&quot;_animation&quot;:&quot;fadeInUp&quot;,&quot;_animation_delay&quot;:100}\" data-widget_type=\"heading.default\">\n\t\t\t\t<div class=\"elementor-widget-container\">\n\t\t\t\t\t<h4 class=\"elementor-heading-title elementor-size-default\">Descubre el Encanto de Estambul: Un Viaje por los Hamams y los Ba\u00f1os Turcos<\/h4>\t\t\t\t<\/div>\n\t\t\t\t<\/div>\n\t\t\t\t<div class=\"elementor-element elementor-element-e779f4a elementor-widget__width-initial elementor-widget-tablet__width-inherit animated-slow elementor-widget-laptop__width-initial elementor-widget elementor-widget-text-editor\" data-id=\"e779f4a\" data-element_type=\"widget\" data-settings=\"{&quot;_animation&quot;:&quot;none&quot;,&quot;_animation_delay&quot;:500}\" data-widget_type=\"text-editor.default\">\n\t\t\t\t<div class=\"elementor-widget-container\">\n\t\t\t\t\t\t\t\t\t<p style=\"text-align: center;\">Ad\u00e9ntrate en el encantador mundo de los Hamams de Estambul, donde la tradici\u00f3n se une al lujo y al bienestar.<br \/>\nNuestras categor\u00edas, meticulosamente seleccionadas, te invitan a experimentar el rico legado de los Hamam hist\u00f3ricos, cada uno de los cuales cuenta una historia grabada en el tiempo y la cultura.<br \/>\nPara los que buscan la indulgencia en la opulencia, nuestros Hamams de Lujo ofrecen una exquisita escapada hacia el lujoso confort.<br \/>\nLas familias pueden disfrutar de un ambiente c\u00e1lido y acogedor en nuestros Hamams Familiares, dise\u00f1ados para atender a visitantes de todas las edades con facilidad y alegr\u00eda.<br \/>\nY para un retiro rejuvenecedor, explora nuestros Hamams de Spa y Bienestar, donde la terapia moderna se entrelaza con los antiguos rituales de ba\u00f1o.<br \/>\nCada categor\u00eda, impregnada de la esencia de los ba\u00f1os turcos, ofrece un viaje \u00fanico por el patrimonio y el lujo sereno de Estambul.<br \/>\nDescubre, rel\u00e1jate y rejuvenece en el encanto intemporal de los Hamams m\u00e1s distinguidos de Estambul.      <\/p>\n\t\t\t\t\t\t\t\t<\/div>\n\t\t\t\t<\/div>\n\t\t<div class=\"elementor-element elementor-element-f62637c e-con-full e-flex e-con e-child\" data-id=\"f62637c\" data-element_type=\"container\">\n\t\t<a class=\"elementor-element elementor-element-cc3f8e2 e-con-full animated-slow e-flex elementor-invisible e-con e-child\" data-id=\"cc3f8e2\" data-element_type=\"container\" data-settings=\"{&quot;background_background&quot;:&quot;classic&quot;,&quot;animation&quot;:&quot;fadeIn&quot;,&quot;animation_delay&quot;:200}\" href=\"https:\/\/istanbulhamam.com\/discover-hamams\/?location_name=&#038;location_id=&#038;start=&#038;end=&#038;date=18%2F02%2F2024+12%3A00+am-19%2F02%2F2024+11%3A59+pm&#038;price_range=0%3B80&#038;taxonomy%5Bst_tour_type%5D=119\">\n\t\t\t\t<\/a>\n\t\t<a class=\"elementor-element elementor-element-f7cce79 e-con-full animated-slow e-flex elementor-invisible e-con e-child\" data-id=\"f7cce79\" data-element_type=\"container\" data-settings=\"{&quot;background_background&quot;:&quot;classic&quot;,&quot;animation&quot;:&quot;fadeIn&quot;,&quot;animation_delay&quot;:200}\" href=\"https:\/\/istanbulhamam.com\/discover-hamams\/?location_name=&#038;location_id=&#038;start=&#038;end=&#038;date=18%2F02%2F2024+12%3A00+am-19%2F02%2F2024+11%3A59+pm&#038;price_range=0%3B80&#038;taxonomy%5Bst_tour_type%5D=120\">\n\t\t\t\t<\/a>\n\t\t<a class=\"elementor-element elementor-element-ff796d8 e-con-full animated-slow e-flex elementor-invisible e-con e-child\" data-id=\"ff796d8\" data-element_type=\"container\" data-settings=\"{&quot;background_background&quot;:&quot;classic&quot;,&quot;animation&quot;:&quot;fadeIn&quot;,&quot;animation_delay&quot;:400}\" href=\"https:\/\/istanbulhamam.com\/discover-hamams\/?location_name=&#038;location_id=&#038;start=&#038;end=&#038;date=18%2F02%2F2024+12%3A00+am-19%2F02%2F2024+11%3A59+pm&#038;price_range=0%3B80&#038;taxonomy%5Bst_tour_type%5D=121\">\n\t\t\t\t<\/a>\n\t\t<a class=\"elementor-element elementor-element-44bbe49 e-con-full animated-slow e-flex elementor-invisible e-con e-child\" data-id=\"44bbe49\" data-element_type=\"container\" data-settings=\"{&quot;background_background&quot;:&quot;classic&quot;,&quot;animation&quot;:&quot;fadeIn&quot;,&quot;animation_delay&quot;:400}\" href=\"https:\/\/istanbulhamam.com\/discover-hamams\/?location_name=&#038;location_id=&#038;start=&#038;end=&#038;date=18%2F02%2F2024+12%3A00+am-19%2F02%2F2024+11%3A59+pm&#038;price_range=0%3B80&#038;taxonomy%5Bst_tour_type%5D=122\">\n\t\t\t\t<\/a>\n\t\t\t\t<\/div>\n\t\t\t\t\t<\/div>\n\t\t\t\t<\/div>\n\t\t<div class=\"elementor-element elementor-element-e9edd8c e-flex e-con-boxed e-con e-parent\" data-id=\"e9edd8c\" data-element_type=\"container\">\n\t\t\t\t\t<div class=\"e-con-inner\">\n\t\t\t\t<div class=\"elementor-element elementor-element-1a5bdda elementor-widget__width-initial elementor-widget-tablet__width-inherit animated-slow elementor-widget elementor-widget-text-editor\" data-id=\"1a5bdda\" data-element_type=\"widget\" data-settings=\"{&quot;_animation&quot;:&quot;none&quot;,&quot;_animation_delay&quot;:500}\" data-widget_type=\"text-editor.default\">\n\t\t\t\t<div class=\"elementor-widget-container\">\n\t\t\t\t\t\t\t\t\t<p>Tanto si buscas una aut\u00e9ntica experiencia hist\u00f3rica como un toque de lujo moderno, nuestra variada gama de hamams incluye ba\u00f1os independientes y otros integrados en complejos hoteleros m\u00e1s grandes, lo que garantiza que cada visita sea \u00fanica y se adapte a tus deseos.<br \/>\nSum\u00e9rgete en el mundo de los ba\u00f1os turcos y encuentra el hamam perfecto que se adapte a tu estado de \u00e1nimo, ocasi\u00f3n y expectativas. <\/p>\n\t\t\t\t\t\t\t\t<\/div>\n\t\t\t\t<\/div>\n\t\t\t\t\t<\/div>\n\t\t\t\t<\/div>\n\t\t<div class=\"elementor-element elementor-element-010916a e-flex e-con-boxed e-con e-parent\" data-id=\"010916a\" data-element_type=\"container\">\n\t\t\t\t\t<div class=\"e-con-inner\">\n\t\t\t\t\t<\/div>\n\t\t\t\t<\/div>\n\t\t\t\t<\/div>\n\t\t","protected":false},"excerpt":{"rendered":"<p>Explora la Diversidad de los Hamams: Categor\u00edas adaptadas a cada preferencia Bienvenido a nuestra p\u00e1gina \u00abCategor\u00edas de Hamam\u00bb, donde te esperan todo tipo de experiencias en los ba\u00f1os turcos de Estambul. Desde los Hamam hist\u00f3ricos, que se erigen como monumentos solitarios de tradiciones consagradas, hasta los opulentos Hamam de lujo enclavados en los mejores hoteles [&hellip;]<\/p>\n","protected":false},"author":1,"featured_media":15018,"parent":0,"menu_order":0,"comment_status":"closed","ping_status":"closed","template":"","meta":{"_acf_changed":false,"_eb_attr":"","footnotes":""},"class_list":["post-15528","page","type-page","status-publish","has-post-thumbnail","hentry"],"acf":[],"_links":{"self":[{"href":"https:\/\/istanbulhamam.com\/es\/wp-json\/wp\/v2\/pages\/15528","targetHints":{"allow":["GET"]}}],"collection":[{"href":"https:\/\/istanbulhamam.com\/es\/wp-json\/wp\/v2\/pages"}],"about":[{"href":"https:\/\/istanbulhamam.com\/es\/wp-json\/wp\/v2\/types\/page"}],"author":[{"embeddable":true,"href":"https:\/\/istanbulhamam.com\/es\/wp-json\/wp\/v2\/users\/1"}],"replies":[{"embeddable":true,"href":"https:\/\/istanbulhamam.com\/es\/wp-json\/wp\/v2\/comments?post=15528"}],"version-history":[{"count":3,"href":"https:\/\/istanbulhamam.com\/es\/wp-json\/wp\/v2\/pages\/15528\/revisions"}],"predecessor-version":[{"id":15531,"href":"https:\/\/istanbulhamam.com\/es\/wp-json\/wp\/v2\/pages\/15528\/revisions\/15531"}],"wp:featuredmedia":[{"embeddable":true,"href":"https:\/\/istanbulhamam.com\/es\/wp-json\/wp\/v2\/media\/15018"}],"wp:attachment":[{"href":"https:\/\/istanbulhamam.com\/es\/wp-json\/wp\/v2\/media?parent=15528"}],"curies":[{"name":"wp","href":"https:\/\/api.w.org\/{rel}","templated":true}]}}