{"id":15507,"date":"2018-12-10T03:06:47","date_gmt":"2018-12-10T03:06:47","guid":{"rendered":"https:\/\/istanbulhamam.com\/quienes-somos\/"},"modified":"2024-09-30T23:52:46","modified_gmt":"2024-09-30T23:52:46","slug":"quienes-somos","status":"publish","type":"page","link":"https:\/\/istanbulhamam.com\/es\/quienes-somos\/","title":{"rendered":"Qui\u00e9nes somos"},"content":{"rendered":"\t\t<div data-elementor-type=\"wp-page\" data-elementor-id=\"15507\" class=\"elementor elementor-15507 elementor-8028\">\n\t\t\t\t<div class=\"elementor-element elementor-element-14d1064 e-flex e-con-boxed e-con e-parent\" data-id=\"14d1064\" data-element_type=\"container\" data-settings=\"{&quot;background_background&quot;:&quot;classic&quot;}\">\n\t\t\t\t\t<div class=\"e-con-inner\">\n\t\t\t\t<div class=\"elementor-element elementor-element-32c4424 animated-slow elementor-widget__width-initial elementor-invisible elementor-widget elementor-widget-heading\" data-id=\"32c4424\" data-element_type=\"widget\" data-settings=\"{&quot;_animation&quot;:&quot;fadeInUp&quot;,&quot;_animation_delay&quot;:100}\" data-widget_type=\"heading.default\">\n\t\t\t\t<div class=\"elementor-widget-container\">\n\t\t\t\t\t<h4 class=\"elementor-heading-title elementor-size-default\">Descubre el Encanto de Estambul: Un Viaje por los Hamams y los Ba\u00f1os Turcos<\/h4>\t\t\t\t<\/div>\n\t\t\t\t<\/div>\n\t\t\t\t\t<\/div>\n\t\t\t\t<\/div>\n\t\t<div class=\"elementor-element elementor-element-6c115c4 e-flex e-con-boxed e-con e-parent\" data-id=\"6c115c4\" data-element_type=\"container\">\n\t\t\t\t\t<div class=\"e-con-inner\">\n\t\t\t\t<div class=\"elementor-element elementor-element-bec0025 elementor-widget__width-initial elementor-widget-tablet__width-inherit elementor-widget-laptop__width-initial elementor-widget elementor-widget-text-editor\" data-id=\"bec0025\" data-element_type=\"widget\" data-widget_type=\"text-editor.default\">\n\t\t\t\t<div class=\"elementor-widget-container\">\n\t\t\t\t\t\t\t\t\t<p style=\"text-align: center;\"><strong>\u00abCon nuestro equipo joven y din\u00e1mico, consid\u00e9ranos tu asistente 24\/7 en Estambul, dispuesto a ayudarte en todo lo que necesites\u00bb.<\/strong><\/p>\n\t\t\t\t\t\t\t\t<\/div>\n\t\t\t\t<\/div>\n\t\t\t\t<div class=\"elementor-element elementor-element-7e0e8db elementor-widget elementor-widget-text-editor\" data-id=\"7e0e8db\" data-element_type=\"widget\" data-widget_type=\"text-editor.default\">\n\t\t\t\t<div class=\"elementor-widget-container\">\n\t\t\t\t\t\t\t\t\t<p style=\"text-align: center;\"><span style=\"color: #595959; font-size: 15px; text-align: center;\">En Istanbul Hamam, nuestra motivaci\u00f3n y misi\u00f3n iniciales son hacer que cada vez m\u00e1s personas conozcan la experiencia del ba\u00f1o turco tradicional.<br \/>\nY mientras prestamos servicios para ello, nos aseguramos de ofrecer los mejores servicios.<br \/>\nSomos conscientes de que nos encontramos en una de las ciudades m\u00e1s singulares del mundo, no s\u00f3lo por su valor geogr\u00e1fico, sino tambi\u00e9n por su rica historia y cultura.<br \/>\nEstamos deseosos de compartir este legado cultural con los valiosos visitantes de la ciudad en     <\/span><a style=\"font-size: 15px; text-align: center;\" href=\"http:\/\/istanbulhamam.com\/\">www.istanbulhamam.com<\/a><span style=\"color: #595959; font-size: 15px; text-align: center;\">y reunir a nuestros hu\u00e9spedes con las instalaciones de hammam y spa m\u00e1s logradas de Estambul.<\/span><\/p>\n\t\t\t\t\t\t\t\t<\/div>\n\t\t\t\t<\/div>\n\t\t<div class=\"elementor-element elementor-element-4cefefa e-flex e-con-boxed e-con e-child\" data-id=\"4cefefa\" data-element_type=\"container\">\n\t\t\t\t\t<div class=\"e-con-inner\">\n\t\t<div class=\"elementor-element elementor-element-7c6aff3 e-flex e-con-boxed e-con e-child\" data-id=\"7c6aff3\" data-element_type=\"container\">\n\t\t\t\t\t<div class=\"e-con-inner\">\n\t\t\t\t<div class=\"elementor-element elementor-element-d2cf31c elementor-widget elementor-widget-image\" data-id=\"d2cf31c\" data-element_type=\"widget\" data-widget_type=\"image.default\">\n\t\t\t\t<div class=\"elementor-widget-container\">\n\t\t\t\t\t\t\t\t\t\t\t\t\t\t\t<img fetchpriority=\"high\" decoding=\"async\" width=\"2560\" height=\"2560\" src=\"https:\/\/istanbulhamam.com\/wp-content\/uploads\/2024\/02\/pool-with-pool-man-sitting-background-scaled.jpg\" class=\"attachment-full size-full wp-image-14882\" alt=\"pool-with-pool-man-sitting-background\" srcset=\"https:\/\/istanbulhamam.com\/wp-content\/uploads\/2024\/02\/pool-with-pool-man-sitting-background-scaled.jpg 2560w, https:\/\/istanbulhamam.com\/wp-content\/uploads\/2024\/02\/pool-with-pool-man-sitting-background-scaled-300x300.jpg 300w, https:\/\/istanbulhamam.com\/wp-content\/uploads\/2024\/02\/pool-with-pool-man-sitting-background-scaled-1024x1024.jpg 1024w, https:\/\/istanbulhamam.com\/wp-content\/uploads\/2024\/02\/pool-with-pool-man-sitting-background-scaled-150x150.jpg 150w, https:\/\/istanbulhamam.com\/wp-content\/uploads\/2024\/02\/pool-with-pool-man-sitting-background-scaled-768x768.jpg 768w, https:\/\/istanbulhamam.com\/wp-content\/uploads\/2024\/02\/pool-with-pool-man-sitting-background-scaled-1536x1536.jpg 1536w, https:\/\/istanbulhamam.com\/wp-content\/uploads\/2024\/02\/pool-with-pool-man-sitting-background-scaled-2048x2048.jpg 2048w, https:\/\/istanbulhamam.com\/wp-content\/uploads\/2024\/02\/pool-with-pool-man-sitting-background-scaled-600x600.jpg 600w, https:\/\/istanbulhamam.com\/wp-content\/uploads\/2024\/02\/pool-with-pool-man-sitting-background-scaled-100x100.jpg 100w\" sizes=\"(max-width: 2560px) 100vw, 2560px\" \/>\t\t\t\t\t\t\t\t\t\t\t\t\t\t\t<\/div>\n\t\t\t\t<\/div>\n\t\t\t\t\t<\/div>\n\t\t\t\t<\/div>\n\t\t<div class=\"elementor-element elementor-element-2577ff1 e-flex e-con-boxed e-con e-child\" data-id=\"2577ff1\" data-element_type=\"container\">\n\t\t\t\t\t<div class=\"e-con-inner\">\n\t\t\t\t<div class=\"elementor-element elementor-element-a3c7e00 elementor-widget elementor-widget-text-editor\" data-id=\"a3c7e00\" data-element_type=\"widget\" data-widget_type=\"text-editor.default\">\n\t\t\t\t<div class=\"elementor-widget-container\">\n\t\t\t\t\t\t\t\t\t<p style=\"text-align: center;\"><strong>Nuestro viaje<\/strong><\/p>\n<p style=\"text-align: center;\"><span style=\"text-align: var(--text-align);\">Istanbul Hamam se fund\u00f3 con la motivaci\u00f3n de hacer que cada vez m\u00e1s personas conozcan y aprendan el legado hist\u00f3rico y cultural de los ba\u00f1os turcos y lo experimenten.<br \/>\nNosotros, como amantes de esa rica cultura, quer\u00edamos compartir este legado con todo el mundo en esta plataforma.<br \/>\nNuestro sitio web no trata s\u00f3lo de vender hammams turcos, sino de enumerar todos los hammams de Estambul por orden, presentarlos, educar a los visitantes sobre la historia de la experiencia del ba\u00f1o turco, ya que es uno de los rituales de ba\u00f1o m\u00e1s singulares del mundo, que se remonta al periodo otomano, incluso antes.  <\/span><\/p>\n<p style=\"text-align: center;\"><strong>Qu\u00e9 ofrecemos<\/strong><\/p>\n<p style=\"text-align: center;\">Somos conservadores de ba\u00f1os turcos, \u00a1eso es lo que hacemos b\u00e1sicamente!<br \/>\nTenemos una selecci\u00f3n de los mejores hammams de Estambul que hemos determinado por su punto especial, su historia o la excelencia de su servicio.<br \/>\nEn nuestra plataforma, puedes encontrar una amplia lista, desde los hammams turcos m\u00e1s antiguos hasta los lujosos y modernos spas.<br \/>\nCada uno tiene cualidades diferentes, pero todos tienen algo en com\u00fan, y es la hospitalidad turca.   <\/p>\n\t\t\t\t\t\t\t\t<\/div>\n\t\t\t\t<\/div>\n\t\t\t\t\t<\/div>\n\t\t\t\t<\/div>\n\t\t\t\t\t<\/div>\n\t\t\t\t<\/div>\n\t\t<div class=\"elementor-element elementor-element-13ea946 e-flex e-con-boxed e-con e-child\" data-id=\"13ea946\" data-element_type=\"container\">\n\t\t\t\t\t<div class=\"e-con-inner\">\n\t\t<div class=\"elementor-element elementor-element-9b86d6e e-flex e-con-boxed e-con e-child\" data-id=\"9b86d6e\" data-element_type=\"container\">\n\t\t\t\t\t<div class=\"e-con-inner\">\n\t\t\t\t<div class=\"elementor-element elementor-element-62fecf9 elementor-widget elementor-widget-text-editor\" data-id=\"62fecf9\" data-element_type=\"widget\" data-widget_type=\"text-editor.default\">\n\t\t\t\t<div class=\"elementor-widget-container\">\n\t\t\t\t\t\t\t\t\t<p style=\"text-align: center;\"><strong>Nuestro compromiso<\/strong><\/p>\n<p style=\"text-align: center;\">Siempre estamos trabajando y mejor\u00e1ndonos para ofrecer la mejor y m\u00e1s segura experiencia de reserva en l\u00ednea a nuestros hu\u00e9spedes.<br \/>\nCon el fin de satisfacer las necesidades de nuestros clientes y proporcionarles las experiencias de hammam m\u00e1s \u00fanicas y aut\u00e9nticas, nos aseguramos de mantener la integridad, un determinado nivel de calidad y los niveles de satisfacci\u00f3n de los hu\u00e9spedes, al tiempo que ofrecemos algunas de las experiencias de hammam tradicional m\u00e1s logradas. <\/p>\n<p style=\"text-align: center;\"><strong>Conecta con la Cultura<\/strong><\/p>\n<p style=\"text-align: center;\">En nuestro sitio web, so\u00f1amos con crear una plataforma que sea algo m\u00e1s que un motor de reservas.<br \/>\nEs m\u00e1s bien una puerta cultural a una de las experiencias culturales m\u00e1s singulares de Estambul.<br \/>\nOfrecemos descripciones detalladas, conocimientos hist\u00f3ricos, recomendaciones y mucho m\u00e1s sobre la experiencia de los ba\u00f1os turcos.<br \/>\nAdem\u00e1s de ayudarte a reservar en l\u00ednea algunos de los mejores hammams de la ciudad, nuestro objetivo es informar detalladamente a nuestros hu\u00e9spedes sobre este inigualable ritual cultural.   <\/p>\n<p style=\"text-align: center;\"><span style=\"font-weight: bolder;\">\u00danete a nosotros en esta tradici\u00f3n intemporal<\/span><\/p>\n<p style=\"text-align: center;\">No importa si es la primera vez que visitas Estambul, o si eres un viajero experimentado de esta hermosa ciudad; el Hamam de Estambul te invita a vivir una experiencia inolvidable.<br \/>\nEstamos haciendo un viaje al pasado de la ciudad, experimentando las pr\u00e1cticas tradicionales de ba\u00f1o de la forma m\u00e1s singular.<br \/>\nTe ofrecemos un d\u00eda de relajaci\u00f3n, cultura y curaci\u00f3n.<br \/>\nCualquiera es bienvenido a unirse a nosotros en esta aventura.   <\/p>\n\t\t\t\t\t\t\t\t<\/div>\n\t\t\t\t<\/div>\n\t\t\t\t\t<\/div>\n\t\t\t\t<\/div>\n\t\t<div class=\"elementor-element elementor-element-da26d01 e-flex e-con-boxed e-con e-child\" data-id=\"da26d01\" data-element_type=\"container\">\n\t\t\t\t\t<div class=\"e-con-inner\">\n\t\t\t\t<div class=\"elementor-element elementor-element-34dd23f elementor-widget elementor-widget-image\" data-id=\"34dd23f\" data-element_type=\"widget\" data-widget_type=\"image.default\">\n\t\t\t\t<div class=\"elementor-widget-container\">\n\t\t\t\t\t\t\t\t\t\t\t\t\t\t\t<img decoding=\"async\" src=\"https:\/\/istanbulhamam.com\/wp-content\/uploads\/2024\/02\/istanbulhamam-about-552x650.webp\" title=\"istanbulhamam about\" alt=\"istanbulhamam about\" loading=\"lazy\" \/>\t\t\t\t\t\t\t\t\t\t\t\t\t\t\t<\/div>\n\t\t\t\t<\/div>\n\t\t\t\t\t<\/div>\n\t\t\t\t<\/div>\n\t\t\t\t\t<\/div>\n\t\t\t\t<\/div>\n\t\t\t\t\t<\/div>\n\t\t\t\t<\/div>\n\t\t\t\t<\/div>\n\t\t","protected":false},"excerpt":{"rendered":"<p>Descubre el Encanto de Estambul: Un Viaje por los Hamams y los Ba\u00f1os Turcos \u00abCon nuestro equipo joven y din\u00e1mico, consid\u00e9ranos tu asistente 24\/7 en Estambul, dispuesto a ayudarte en todo lo que necesites\u00bb. En Istanbul Hamam, nuestra motivaci\u00f3n y misi\u00f3n iniciales son hacer que cada vez m\u00e1s personas conozcan la experiencia del ba\u00f1o turco [&hellip;]<\/p>\n","protected":false},"author":1,"featured_media":14694,"parent":0,"menu_order":0,"comment_status":"closed","ping_status":"closed","template":"","meta":{"_acf_changed":false,"_eb_attr":"","footnotes":""},"class_list":["post-15507","page","type-page","status-publish","has-post-thumbnail","hentry"],"acf":[],"_links":{"self":[{"href":"https:\/\/istanbulhamam.com\/es\/wp-json\/wp\/v2\/pages\/15507","targetHints":{"allow":["GET"]}}],"collection":[{"href":"https:\/\/istanbulhamam.com\/es\/wp-json\/wp\/v2\/pages"}],"about":[{"href":"https:\/\/istanbulhamam.com\/es\/wp-json\/wp\/v2\/types\/page"}],"author":[{"embeddable":true,"href":"https:\/\/istanbulhamam.com\/es\/wp-json\/wp\/v2\/users\/1"}],"replies":[{"embeddable":true,"href":"https:\/\/istanbulhamam.com\/es\/wp-json\/wp\/v2\/comments?post=15507"}],"version-history":[{"count":3,"href":"https:\/\/istanbulhamam.com\/es\/wp-json\/wp\/v2\/pages\/15507\/revisions"}],"predecessor-version":[{"id":15510,"href":"https:\/\/istanbulhamam.com\/es\/wp-json\/wp\/v2\/pages\/15507\/revisions\/15510"}],"wp:featuredmedia":[{"embeddable":true,"href":"https:\/\/istanbulhamam.com\/es\/wp-json\/wp\/v2\/media\/14694"}],"wp:attachment":[{"href":"https:\/\/istanbulhamam.com\/es\/wp-json\/wp\/v2\/media?parent=15507"}],"curies":[{"name":"wp","href":"https:\/\/api.w.org\/{rel}","templated":true}]}}