{"id":15598,"date":"2024-01-10T19:00:44","date_gmt":"2024-01-10T19:00:44","guid":{"rendered":"https:\/\/istanbulhamam.com\/hamam-kategorien\/"},"modified":"2024-10-01T00:16:15","modified_gmt":"2024-10-01T00:16:15","slug":"hamam-kategorien","status":"publish","type":"page","link":"https:\/\/istanbulhamam.com\/de\/hamam-kategorien\/","title":{"rendered":"Hamam Kategorien"},"content":{"rendered":"\t\t<div data-elementor-type=\"wp-page\" data-elementor-id=\"15598\" class=\"elementor elementor-15598 elementor-10396\">\n\t\t\t\t<div class=\"elementor-element elementor-element-7235354 e-flex e-con-boxed e-con e-parent\" data-id=\"7235354\" data-element_type=\"container\" data-settings=\"{&quot;background_background&quot;:&quot;classic&quot;}\">\n\t\t\t\t\t<div class=\"e-con-inner\">\n\t\t\t\t<div class=\"elementor-element elementor-element-8a7219c animated-slow elementor-widget__width-initial elementor-invisible elementor-widget elementor-widget-heading\" data-id=\"8a7219c\" data-element_type=\"widget\" data-settings=\"{&quot;_animation&quot;:&quot;fadeInUp&quot;,&quot;_animation_delay&quot;:100}\" data-widget_type=\"heading.default\">\n\t\t\t\t<div class=\"elementor-widget-container\">\n\t\t\t\t\t<h4 class=\"elementor-heading-title elementor-size-default\">Entdecken Sie die Vielfalt der Hamams: Kategorien f\u00fcr jeden Geschmack<\/h4>\t\t\t\t<\/div>\n\t\t\t\t<\/div>\n\t\t\t\t\t<\/div>\n\t\t\t\t<\/div>\n\t\t\t\t<section class=\"elementor-section elementor-top-section elementor-element elementor-element-d3b1b36 elementor-section-boxed elementor-section-height-default elementor-section-height-default\" data-id=\"d3b1b36\" data-element_type=\"section\">\n\t\t\t\t\t\t<div class=\"elementor-container elementor-column-gap-default\">\n\t\t\t\t\t<div class=\"elementor-column elementor-col-100 elementor-top-column elementor-element elementor-element-5513ef7\" data-id=\"5513ef7\" data-element_type=\"column\">\n\t\t\t<div class=\"elementor-widget-wrap elementor-element-populated\">\n\t\t\t\t\t\t<div class=\"elementor-element elementor-element-dbec0cc elementor-widget__width-initial elementor-widget-tablet__width-inherit animated-slow elementor-widget elementor-widget-text-editor\" data-id=\"dbec0cc\" data-element_type=\"widget\" data-settings=\"{&quot;_animation&quot;:&quot;none&quot;,&quot;_animation_delay&quot;:500}\" data-widget_type=\"text-editor.default\">\n\t\t\t\t<div class=\"elementor-widget-container\">\n\t\t\t\t\t\t\t\t\t<p style=\"text-align: center;\">Willkommen auf unserer Seite \u201eHamam-Kategorien\u201c, auf der Sie jede Art von t\u00fcrkischem Bad in Istanbul entdecken k\u00f6nnen. Von den historischen Hamams, die als einsame Monumente altehrw\u00fcrdiger Traditionen stehen, bis zu den opulenten Luxus-Hamams in den besten Hotels der Stadt bieten wir eine Vielzahl von Umgebungen, die Ihrem pers\u00f6nlichen Geschmack und Ihren Bed\u00fcrfnissen entsprechen. Unsere Auswahl umfasst:  <\/p>\n<p style=\"text-align: center;\"><strong>Historische Hamams:<\/strong> Machen Sie eine Reise in die Vergangenheit und tauchen Sie ein in die reiche Geschichte der jahrhundertealten Badeh\u00e4user Istanbuls, von denen jedes die Geschichte einer vergangenen \u00c4ra erz\u00e4hlt.<\/p>\n<p style=\"text-align: center;\"><strong>Luxuri\u00f6se Hamams:<\/strong> Schwelgen Sie in der Gro\u00dfz\u00fcgigkeit modernen Luxus kombiniert mit traditionellen Baderitualen, oft in den prachtvollen Elitehotels von Istanbul.<\/p>\n<p style=\"text-align: center;\"><strong>Familienfreundliche Hamams: <\/strong>Erleben Sie eine einladende Umgebung f\u00fcr alle Altersgruppen, die Familien, die gemeinsam ein Bad genie\u00dfen m\u00f6chten, ein wunderbares Erlebnis bietet.<\/p>\n<p style=\"text-align: center;\"><strong>Spa  Wellness Hamams: <\/strong>Konzentrieren Sie sich auf Gesundheit und Entspannung mit unseren Spa  Wellness Hamams, wo moderne Wellnessbehandlungen nahtlos mit alten Badepraktiken verschmelzen.<\/p>\n\t\t\t\t\t\t\t\t<\/div>\n\t\t\t\t<\/div>\n\t\t\t\t\t<\/div>\n\t\t<\/div>\n\t\t\t\t\t<\/div>\n\t\t<\/section>\n\t\t<div class=\"elementor-element elementor-element-6262fc8 e-flex e-con-boxed e-con e-parent\" data-id=\"6262fc8\" data-element_type=\"container\">\n\t\t\t\t\t<div class=\"e-con-inner\">\n\t\t\t\t<div class=\"elementor-element elementor-element-5cb6930 animated-slow elementor-widget__width-initial elementor-invisible elementor-widget elementor-widget-heading\" data-id=\"5cb6930\" data-element_type=\"widget\" data-settings=\"{&quot;_animation&quot;:&quot;fadeInUp&quot;,&quot;_animation_delay&quot;:100}\" data-widget_type=\"heading.default\">\n\t\t\t\t<div class=\"elementor-widget-container\">\n\t\t\t\t\t<h4 class=\"elementor-heading-title elementor-size-default\">Entdecken Sie den Charme Istanbuls: Eine Reise durch Hamams und t\u00fcrkische B\u00e4der<\/h4>\t\t\t\t<\/div>\n\t\t\t\t<\/div>\n\t\t\t\t<div class=\"elementor-element elementor-element-e779f4a elementor-widget__width-initial elementor-widget-tablet__width-inherit animated-slow elementor-widget-laptop__width-initial elementor-widget elementor-widget-text-editor\" data-id=\"e779f4a\" data-element_type=\"widget\" data-settings=\"{&quot;_animation&quot;:&quot;none&quot;,&quot;_animation_delay&quot;:500}\" data-widget_type=\"text-editor.default\">\n\t\t\t\t<div class=\"elementor-widget-container\">\n\t\t\t\t\t\t\t\t\t<p style=\"text-align: center;\">Treten Sie ein in die bezaubernde Welt der Hamams von Istanbul, wo Tradition auf Luxus und Wellness trifft. Unsere sorgf\u00e4ltig zusammengestellten Kategorien laden Sie ein, das reiche Erbe der historischen Hamams zu erleben, von denen jedes eine in Zeit und Kultur eingravierte Geschichte erz\u00e4hlt. F\u00fcr diejenigen, die sich Opulenz g\u00f6nnen m\u00f6chten, bieten unsere Luxus-Hamams eine exquisite Flucht in verschwenderischen Komfort. Familien k\u00f6nnen eine warme und einladende Atmosph\u00e4re in unseren familienfreundlichen Hamams genie\u00dfen, die so konzipiert sind, dass sie Besuchern jeden Alters mit Leichtigkeit und Freude gerecht werden. Und f\u00fcr einen erholsamen R\u00fcckzugsort erkunden Sie unsere Spa- und Wellness-Hamams, in denen sich moderne Therapie mit alten Baderitualen verbinden. Jede Kategorie, eingebettet in die Essenz t\u00fcrkischer B\u00e4der, bietet eine einzigartige Reise durch Istanbuls Erbe und heiteren Luxus. Entdecken, entspannen und regenerieren Sie im zeitlosen Reiz der angesehensten Hamams von Istanbul.      <\/p>\n\t\t\t\t\t\t\t\t<\/div>\n\t\t\t\t<\/div>\n\t\t<div class=\"elementor-element elementor-element-f62637c e-con-full e-flex e-con e-child\" data-id=\"f62637c\" data-element_type=\"container\">\n\t\t<a class=\"elementor-element elementor-element-cc3f8e2 e-con-full animated-slow e-flex elementor-invisible e-con e-child\" data-id=\"cc3f8e2\" data-element_type=\"container\" data-settings=\"{&quot;background_background&quot;:&quot;classic&quot;,&quot;animation&quot;:&quot;fadeIn&quot;,&quot;animation_delay&quot;:200}\" href=\"https:\/\/istanbulhamam.com\/discover-hamams\/?location_name=&#038;location_id=&#038;start=&#038;end=&#038;date=18%2F02%2F2024+12%3A00+am-19%2F02%2F2024+11%3A59+pm&#038;price_range=0%3B80&#038;taxonomy%5Bst_tour_type%5D=119\">\n\t\t\t\t<\/a>\n\t\t<a class=\"elementor-element elementor-element-f7cce79 e-con-full animated-slow e-flex elementor-invisible e-con e-child\" data-id=\"f7cce79\" data-element_type=\"container\" data-settings=\"{&quot;background_background&quot;:&quot;classic&quot;,&quot;animation&quot;:&quot;fadeIn&quot;,&quot;animation_delay&quot;:200}\" href=\"https:\/\/istanbulhamam.com\/discover-hamams\/?location_name=&#038;location_id=&#038;start=&#038;end=&#038;date=18%2F02%2F2024+12%3A00+am-19%2F02%2F2024+11%3A59+pm&#038;price_range=0%3B80&#038;taxonomy%5Bst_tour_type%5D=120\">\n\t\t\t\t<\/a>\n\t\t<a class=\"elementor-element elementor-element-ff796d8 e-con-full animated-slow e-flex elementor-invisible e-con e-child\" data-id=\"ff796d8\" data-element_type=\"container\" data-settings=\"{&quot;background_background&quot;:&quot;classic&quot;,&quot;animation&quot;:&quot;fadeIn&quot;,&quot;animation_delay&quot;:400}\" href=\"https:\/\/istanbulhamam.com\/discover-hamams\/?location_name=&#038;location_id=&#038;start=&#038;end=&#038;date=18%2F02%2F2024+12%3A00+am-19%2F02%2F2024+11%3A59+pm&#038;price_range=0%3B80&#038;taxonomy%5Bst_tour_type%5D=121\">\n\t\t\t\t<\/a>\n\t\t<a class=\"elementor-element elementor-element-44bbe49 e-con-full animated-slow e-flex elementor-invisible e-con e-child\" data-id=\"44bbe49\" data-element_type=\"container\" data-settings=\"{&quot;background_background&quot;:&quot;classic&quot;,&quot;animation&quot;:&quot;fadeIn&quot;,&quot;animation_delay&quot;:400}\" href=\"https:\/\/istanbulhamam.com\/discover-hamams\/?location_name=&#038;location_id=&#038;start=&#038;end=&#038;date=18%2F02%2F2024+12%3A00+am-19%2F02%2F2024+11%3A59+pm&#038;price_range=0%3B80&#038;taxonomy%5Bst_tour_type%5D=122\">\n\t\t\t\t<\/a>\n\t\t\t\t<\/div>\n\t\t\t\t\t<\/div>\n\t\t\t\t<\/div>\n\t\t<div class=\"elementor-element elementor-element-e9edd8c e-flex e-con-boxed e-con e-parent\" data-id=\"e9edd8c\" data-element_type=\"container\">\n\t\t\t\t\t<div class=\"e-con-inner\">\n\t\t\t\t<div class=\"elementor-element elementor-element-1a5bdda elementor-widget__width-initial elementor-widget-tablet__width-inherit animated-slow elementor-widget elementor-widget-text-editor\" data-id=\"1a5bdda\" data-element_type=\"widget\" data-settings=\"{&quot;_animation&quot;:&quot;none&quot;,&quot;_animation_delay&quot;:500}\" data-widget_type=\"text-editor.default\">\n\t\t\t\t<div class=\"elementor-widget-container\">\n\t\t\t\t\t\t\t\t\t<p>Egal, ob Sie ein authentisches historisches Erlebnis oder einen Hauch modernen Luxus suchen, unser vielf\u00e4ltiges Angebot an Hamams umfasst eigenst\u00e4ndige Badeh\u00e4user und solche, die in gr\u00f6\u00dfere Hotelkomplexe integriert sind. So ist jeder Besuch einzigartig und auf Ihre W\u00fcnsche zugeschnitten. Tauchen Sie ein in die Welt der t\u00fcrkischen B\u00e4der und finden Sie das perfekte Hamam, das zu Ihrer Stimmung, Ihrem Anlass und Ihren Erwartungen passt. <\/p>\n\t\t\t\t\t\t\t\t<\/div>\n\t\t\t\t<\/div>\n\t\t\t\t\t<\/div>\n\t\t\t\t<\/div>\n\t\t<div class=\"elementor-element elementor-element-010916a e-flex e-con-boxed e-con e-parent\" data-id=\"010916a\" data-element_type=\"container\">\n\t\t\t\t\t<div class=\"e-con-inner\">\n\t\t\t\t\t<\/div>\n\t\t\t\t<\/div>\n\t\t\t\t<\/div>\n\t\t","protected":false},"excerpt":{"rendered":"<p>Entdecken Sie die Vielfalt der Hamams: Kategorien f\u00fcr jeden Geschmack Willkommen auf unserer Seite \u201eHamam-Kategorien\u201c, auf der Sie jede Art von t\u00fcrkischem Bad in Istanbul entdecken k\u00f6nnen. Von den historischen Hamams, die als einsame Monumente altehrw\u00fcrdiger Traditionen stehen, bis zu den opulenten Luxus-Hamams in den besten Hotels der Stadt bieten wir eine Vielzahl von Umgebungen, [&hellip;]<\/p>\n","protected":false},"author":1,"featured_media":15017,"parent":0,"menu_order":0,"comment_status":"closed","ping_status":"closed","template":"","meta":{"_acf_changed":false,"_eb_attr":"","footnotes":""},"class_list":["post-15598","page","type-page","status-publish","has-post-thumbnail","hentry"],"acf":[],"_links":{"self":[{"href":"https:\/\/istanbulhamam.com\/de\/wp-json\/wp\/v2\/pages\/15598","targetHints":{"allow":["GET"]}}],"collection":[{"href":"https:\/\/istanbulhamam.com\/de\/wp-json\/wp\/v2\/pages"}],"about":[{"href":"https:\/\/istanbulhamam.com\/de\/wp-json\/wp\/v2\/types\/page"}],"author":[{"embeddable":true,"href":"https:\/\/istanbulhamam.com\/de\/wp-json\/wp\/v2\/users\/1"}],"replies":[{"embeddable":true,"href":"https:\/\/istanbulhamam.com\/de\/wp-json\/wp\/v2\/comments?post=15598"}],"version-history":[{"count":3,"href":"https:\/\/istanbulhamam.com\/de\/wp-json\/wp\/v2\/pages\/15598\/revisions"}],"predecessor-version":[{"id":15601,"href":"https:\/\/istanbulhamam.com\/de\/wp-json\/wp\/v2\/pages\/15598\/revisions\/15601"}],"wp:featuredmedia":[{"embeddable":true,"href":"https:\/\/istanbulhamam.com\/de\/wp-json\/wp\/v2\/media\/15017"}],"wp:attachment":[{"href":"https:\/\/istanbulhamam.com\/de\/wp-json\/wp\/v2\/media?parent=15598"}],"curies":[{"name":"wp","href":"https:\/\/api.w.org\/{rel}","templated":true}]}}