{"id":15579,"date":"2018-12-10T03:06:47","date_gmt":"2018-12-10T03:06:47","guid":{"rendered":"https:\/\/istanbulhamam.com\/uber-uns\/"},"modified":"2024-09-30T23:57:58","modified_gmt":"2024-09-30T23:57:58","slug":"uber-uns","status":"publish","type":"page","link":"https:\/\/istanbulhamam.com\/de\/uber-uns\/","title":{"rendered":"\u00dcber uns"},"content":{"rendered":"\t\t<div data-elementor-type=\"wp-page\" data-elementor-id=\"15579\" class=\"elementor elementor-15579 elementor-8028\">\n\t\t\t\t<div class=\"elementor-element elementor-element-14d1064 e-flex e-con-boxed e-con e-parent\" data-id=\"14d1064\" data-element_type=\"container\" data-settings=\"{&quot;background_background&quot;:&quot;classic&quot;}\">\n\t\t\t\t\t<div class=\"e-con-inner\">\n\t\t\t\t<div class=\"elementor-element elementor-element-32c4424 animated-slow elementor-widget__width-initial elementor-invisible elementor-widget elementor-widget-heading\" data-id=\"32c4424\" data-element_type=\"widget\" data-settings=\"{&quot;_animation&quot;:&quot;fadeInUp&quot;,&quot;_animation_delay&quot;:100}\" data-widget_type=\"heading.default\">\n\t\t\t\t<div class=\"elementor-widget-container\">\n\t\t\t\t\t<h4 class=\"elementor-heading-title elementor-size-default\">Entdecken Sie den Charme Istanbuls: Eine Reise durch Hamams und t\u00fcrkische B\u00e4der<\/h4>\t\t\t\t<\/div>\n\t\t\t\t<\/div>\n\t\t\t\t\t<\/div>\n\t\t\t\t<\/div>\n\t\t<div class=\"elementor-element elementor-element-6c115c4 e-flex e-con-boxed e-con e-parent\" data-id=\"6c115c4\" data-element_type=\"container\">\n\t\t\t\t\t<div class=\"e-con-inner\">\n\t\t\t\t<div class=\"elementor-element elementor-element-bec0025 elementor-widget__width-initial elementor-widget-tablet__width-inherit elementor-widget-laptop__width-initial elementor-widget elementor-widget-text-editor\" data-id=\"bec0025\" data-element_type=\"widget\" data-widget_type=\"text-editor.default\">\n\t\t\t\t<div class=\"elementor-widget-container\">\n\t\t\t\t\t\t\t\t\t<p style=\"text-align: center;\"><strong>\u201eMit unserem jungen und dynamischen Team sind wir Ihr rund um die Uhr verf\u00fcgbarer Assistent in Istanbul, der Ihnen bei allen Ihren Anforderungen zur Seite steht.\u201c<\/strong><\/p>\n\t\t\t\t\t\t\t\t<\/div>\n\t\t\t\t<\/div>\n\t\t\t\t<div class=\"elementor-element elementor-element-7e0e8db elementor-widget elementor-widget-text-editor\" data-id=\"7e0e8db\" data-element_type=\"widget\" data-widget_type=\"text-editor.default\">\n\t\t\t\t<div class=\"elementor-widget-container\">\n\t\t\t\t\t\t\t\t\t<p style=\"text-align: center;\"><span style=\"color: #595959; font-size: 15px; text-align: center;\">Unsere urspr\u00fcngliche Motivation und Mission bei Istanbul Hamam ist es, immer mehr Menschen das traditionelle t\u00fcrkische Badeerlebnis n\u00e4herzubringen. Und w\u00e4hrend wir Dienstleistungen zu diesem Zweck anbieten, stellen wir sicher, dass wir die besten Dienstleistungen anbieten. Wir sind uns bewusst, dass wir uns in einer der einzigartigsten St\u00e4dte der Welt befinden, nicht nur wegen ihres geografischen Werts, sondern auch wegen ihrer reichen Geschichte und Kultur. Wir m\u00f6chten dieses kulturelle Erbe gerne mit den wertvollen Besuchern der Stadt teilen.    <\/span><a style=\"font-size: 15px; text-align: center;\" href=\"http:\/\/istanbulhamam.com\/\">www.istanbulhamam.com<\/a> <span style=\"color: #595959; font-size: 15px; text-align: center;\">und bringen unseren G\u00e4sten die modernsten Hamam- und Spa-Einrichtungen Istanbuls n\u00e4her.<\/span><\/p>\n\t\t\t\t\t\t\t\t<\/div>\n\t\t\t\t<\/div>\n\t\t<div class=\"elementor-element elementor-element-4cefefa e-flex e-con-boxed e-con e-child\" data-id=\"4cefefa\" data-element_type=\"container\">\n\t\t\t\t\t<div class=\"e-con-inner\">\n\t\t<div class=\"elementor-element elementor-element-7c6aff3 e-flex e-con-boxed e-con e-child\" data-id=\"7c6aff3\" data-element_type=\"container\">\n\t\t\t\t\t<div class=\"e-con-inner\">\n\t\t\t\t<div class=\"elementor-element elementor-element-d2cf31c elementor-widget elementor-widget-image\" data-id=\"d2cf31c\" data-element_type=\"widget\" data-widget_type=\"image.default\">\n\t\t\t\t<div class=\"elementor-widget-container\">\n\t\t\t\t\t\t\t\t\t\t\t\t\t\t\t<img fetchpriority=\"high\" decoding=\"async\" width=\"2560\" height=\"2560\" src=\"https:\/\/istanbulhamam.com\/wp-content\/uploads\/2024\/02\/pool-with-pool-man-sitting-background-scaled.jpg\" class=\"attachment-full size-full wp-image-14881\" alt=\"pool-with-pool-man-sitting-background\" srcset=\"https:\/\/istanbulhamam.com\/wp-content\/uploads\/2024\/02\/pool-with-pool-man-sitting-background-scaled.jpg 2560w, https:\/\/istanbulhamam.com\/wp-content\/uploads\/2024\/02\/pool-with-pool-man-sitting-background-scaled-300x300.jpg 300w, https:\/\/istanbulhamam.com\/wp-content\/uploads\/2024\/02\/pool-with-pool-man-sitting-background-scaled-1024x1024.jpg 1024w, https:\/\/istanbulhamam.com\/wp-content\/uploads\/2024\/02\/pool-with-pool-man-sitting-background-scaled-150x150.jpg 150w, https:\/\/istanbulhamam.com\/wp-content\/uploads\/2024\/02\/pool-with-pool-man-sitting-background-scaled-768x768.jpg 768w, https:\/\/istanbulhamam.com\/wp-content\/uploads\/2024\/02\/pool-with-pool-man-sitting-background-scaled-1536x1536.jpg 1536w, https:\/\/istanbulhamam.com\/wp-content\/uploads\/2024\/02\/pool-with-pool-man-sitting-background-scaled-2048x2048.jpg 2048w, https:\/\/istanbulhamam.com\/wp-content\/uploads\/2024\/02\/pool-with-pool-man-sitting-background-scaled-600x600.jpg 600w, https:\/\/istanbulhamam.com\/wp-content\/uploads\/2024\/02\/pool-with-pool-man-sitting-background-scaled-100x100.jpg 100w\" sizes=\"(max-width: 2560px) 100vw, 2560px\" \/>\t\t\t\t\t\t\t\t\t\t\t\t\t\t\t<\/div>\n\t\t\t\t<\/div>\n\t\t\t\t\t<\/div>\n\t\t\t\t<\/div>\n\t\t<div class=\"elementor-element elementor-element-2577ff1 e-flex e-con-boxed e-con e-child\" data-id=\"2577ff1\" data-element_type=\"container\">\n\t\t\t\t\t<div class=\"e-con-inner\">\n\t\t\t\t<div class=\"elementor-element elementor-element-a3c7e00 elementor-widget elementor-widget-text-editor\" data-id=\"a3c7e00\" data-element_type=\"widget\" data-widget_type=\"text-editor.default\">\n\t\t\t\t<div class=\"elementor-widget-container\">\n\t\t\t\t\t\t\t\t\t<p style=\"text-align: center;\"><strong>Unsere Reise<\/strong><\/p>\n<p style=\"text-align: center;\"><span style=\"text-align: var(--text-align);\">Istanbul Hamam wurde mit der Absicht gegr\u00fcndet, immer mehr Menschen das historische und kulturelle Erbe der t\u00fcrkischen B\u00e4der n\u00e4herzubringen und n\u00e4herzubringen. Als Liebhaber dieser reichen Kultur wollten wir dieses Erbe auf dieser Plattform mit der ganzen Welt teilen. Auf unserer Website geht es nicht nur darum, t\u00fcrkische Hammams zu verkaufen, sondern darum, alle Hammams Istanbuls nach Reihenfolge aufzulisten, sie vorzustellen und den Besuchern die Geschichte des t\u00fcrkischen Badeerlebnisses n\u00e4herzubringen, da es sich um eines der einzigartigsten Baderituale der Welt handelt, das bis in die osmanische Zeit zur\u00fcckreicht.  <\/span><\/p>\n<p style=\"text-align: center;\"><strong>Was wir bieten<\/strong><\/p>\n<p style=\"text-align: center;\">Wir sind Kuratoren t\u00fcrkischer B\u00e4der, das ist unsere grundlegende Aufgabe! Wir haben eine Auswahl der besten Hammams in Istanbul, die wir aufgrund ihrer einzigartigen Besonderheit, Geschichte oder Servicequalit\u00e4t ausgew\u00e4hlt haben. Auf unserer Plattform finden Sie eine gro\u00dfe Auswahl von den \u00e4ltesten t\u00fcrkischen Hammams bis hin zu luxuri\u00f6sen und modernen Spas. Jedes hat andere Qualit\u00e4ten, aber alle haben eines gemeinsam: die t\u00fcrkische Gastfreundschaft.   <\/p>\n\t\t\t\t\t\t\t\t<\/div>\n\t\t\t\t<\/div>\n\t\t\t\t\t<\/div>\n\t\t\t\t<\/div>\n\t\t\t\t\t<\/div>\n\t\t\t\t<\/div>\n\t\t<div class=\"elementor-element elementor-element-13ea946 e-flex e-con-boxed e-con e-child\" data-id=\"13ea946\" data-element_type=\"container\">\n\t\t\t\t\t<div class=\"e-con-inner\">\n\t\t<div class=\"elementor-element elementor-element-9b86d6e e-flex e-con-boxed e-con e-child\" data-id=\"9b86d6e\" data-element_type=\"container\">\n\t\t\t\t\t<div class=\"e-con-inner\">\n\t\t\t\t<div class=\"elementor-element elementor-element-62fecf9 elementor-widget elementor-widget-text-editor\" data-id=\"62fecf9\" data-element_type=\"widget\" data-widget_type=\"text-editor.default\">\n\t\t\t\t<div class=\"elementor-widget-container\">\n\t\t\t\t\t\t\t\t\t<p style=\"text-align: center;\"><strong>Unser Engagement<\/strong><\/p>\n<p style=\"text-align: center;\">Wir arbeiten st\u00e4ndig daran, uns zu verbessern, um unseren G\u00e4sten das beste und sicherste Online-Buchungserlebnis zu bieten. Um die Bed\u00fcrfnisse unserer Kunden zu erf\u00fcllen und ihnen gleichzeitig die einzigartigsten und authentischsten Hammam-Erlebnisse zu bieten, achten wir darauf, Integrit\u00e4t, ein gewisses Qualit\u00e4tsniveau und die Zufriedenheit der G\u00e4ste aufrechtzuerhalten und gleichzeitig einige der vollendetsten traditionellen Hammam-Erlebnisse anzubieten. <\/p>\n<p style=\"text-align: center;\"><strong>Verbinden Sie sich mit Kultur<\/strong><\/p>\n<p style=\"text-align: center;\">Wir wollten auf unserer Website eine Plattform schaffen, die mehr ist als eine Buchungsmaschine. Sie ist eher ein kulturelles Tor zu einem der einzigartigsten kulturellen Erlebnisse Istanbuls. Wir bieten detaillierte Beschreibungen, historisches Wissen, Empfehlungen und mehr zum Thema t\u00fcrkisches Bad. Wir helfen Ihnen nicht nur dabei, einige der sch\u00f6nsten Hammams der Stadt online zu buchen, sondern m\u00f6chten unsere G\u00e4ste auch ausf\u00fchrlich \u00fcber dieses unvergleichliche kulturelle Ritual informieren.   <\/p>\n<p style=\"text-align: center;\"><span style=\"font-weight: bolder;\">Begleiten Sie uns in dieser zeitlosen Tradition<\/span><\/p>\n<p style=\"text-align: center;\">Es spielt keine Rolle, ob Sie zum ersten Mal in Istanbul sind oder ein erfahrener Reisender in dieser wundersch\u00f6nen Stadt; Istanbul Hamam l\u00e4dt Sie zu einem unvergesslichen Erlebnis ein. Wir unternehmen eine Reise in die Vergangenheit der Stadt und erleben die traditionellen Badepraktiken auf einzigartige Weise. Wir bieten einen Tag voller Entspannung, Kultur und Heilung. Jeder ist herzlich willkommen, uns auf diesem Abenteuer zu begleiten.   <\/p>\n\t\t\t\t\t\t\t\t<\/div>\n\t\t\t\t<\/div>\n\t\t\t\t\t<\/div>\n\t\t\t\t<\/div>\n\t\t<div class=\"elementor-element elementor-element-da26d01 e-flex e-con-boxed e-con e-child\" data-id=\"da26d01\" data-element_type=\"container\">\n\t\t\t\t\t<div class=\"e-con-inner\">\n\t\t\t\t<div class=\"elementor-element elementor-element-34dd23f elementor-widget elementor-widget-image\" data-id=\"34dd23f\" data-element_type=\"widget\" data-widget_type=\"image.default\">\n\t\t\t\t<div class=\"elementor-widget-container\">\n\t\t\t\t\t\t\t\t\t\t\t\t\t\t\t<img decoding=\"async\" src=\"https:\/\/istanbulhamam.com\/wp-content\/uploads\/2024\/02\/istanbulhamam-about-552x650.webp\" title=\"istanbulhamam about\" alt=\"istanbulhamam about\" loading=\"lazy\" \/>\t\t\t\t\t\t\t\t\t\t\t\t\t\t\t<\/div>\n\t\t\t\t<\/div>\n\t\t\t\t\t<\/div>\n\t\t\t\t<\/div>\n\t\t\t\t\t<\/div>\n\t\t\t\t<\/div>\n\t\t\t\t\t<\/div>\n\t\t\t\t<\/div>\n\t\t\t\t<\/div>\n\t\t","protected":false},"excerpt":{"rendered":"<p>Entdecken Sie den Charme Istanbuls: Eine Reise durch Hamams und t\u00fcrkische B\u00e4der \u201eMit unserem jungen und dynamischen Team sind wir Ihr rund um die Uhr verf\u00fcgbarer Assistent in Istanbul, der Ihnen bei allen Ihren Anforderungen zur Seite steht.\u201c Unsere urspr\u00fcngliche Motivation und Mission bei Istanbul Hamam ist es, immer mehr Menschen das traditionelle t\u00fcrkische Badeerlebnis [&hellip;]<\/p>\n","protected":false},"author":1,"featured_media":14693,"parent":0,"menu_order":0,"comment_status":"closed","ping_status":"closed","template":"","meta":{"_acf_changed":false,"_eb_attr":"","footnotes":""},"class_list":["post-15579","page","type-page","status-publish","has-post-thumbnail","hentry"],"acf":[],"_links":{"self":[{"href":"https:\/\/istanbulhamam.com\/de\/wp-json\/wp\/v2\/pages\/15579","targetHints":{"allow":["GET"]}}],"collection":[{"href":"https:\/\/istanbulhamam.com\/de\/wp-json\/wp\/v2\/pages"}],"about":[{"href":"https:\/\/istanbulhamam.com\/de\/wp-json\/wp\/v2\/types\/page"}],"author":[{"embeddable":true,"href":"https:\/\/istanbulhamam.com\/de\/wp-json\/wp\/v2\/users\/1"}],"replies":[{"embeddable":true,"href":"https:\/\/istanbulhamam.com\/de\/wp-json\/wp\/v2\/comments?post=15579"}],"version-history":[{"count":3,"href":"https:\/\/istanbulhamam.com\/de\/wp-json\/wp\/v2\/pages\/15579\/revisions"}],"predecessor-version":[{"id":15582,"href":"https:\/\/istanbulhamam.com\/de\/wp-json\/wp\/v2\/pages\/15579\/revisions\/15582"}],"wp:featuredmedia":[{"embeddable":true,"href":"https:\/\/istanbulhamam.com\/de\/wp-json\/wp\/v2\/media\/14693"}],"wp:attachment":[{"href":"https:\/\/istanbulhamam.com\/de\/wp-json\/wp\/v2\/media?parent=15579"}],"curies":[{"name":"wp","href":"https:\/\/api.w.org\/{rel}","templated":true}]}}